{"id":358,"date":"2025-07-21T21:09:31","date_gmt":"2025-07-21T21:09:31","guid":{"rendered":"https:\/\/kellygalesi.com\/?page_id=358"},"modified":"2025-11-19T15:46:13","modified_gmt":"2025-11-19T15:46:13","slug":"inspiracao","status":"publish","type":"page","link":"https:\/\/kellygalesi.com\/pt_br\/inspiracao\/","title":{"rendered":"Inspira\u00e7\u00e3o"},"content":{"rendered":"\t\t<div data-elementor-type=\"wp-page\" data-elementor-id=\"358\" class=\"elementor elementor-358\" data-elementor-settings=\"{&quot;ha_cmc_init_switcher&quot;:&quot;no&quot;}\" data-elementor-post-type=\"page\">\n\t\t\t\t<div class=\"elementor-element elementor-element-d509a2c e-flex e-con-boxed e-con e-parent\" data-id=\"d509a2c\" data-element_type=\"container\" data-settings=\"{&quot;background_background&quot;:&quot;classic&quot;,&quot;_ha_eqh_enable&quot;:false}\">\n\t\t\t\t\t<div class=\"e-con-inner\">\n\t\t<div class=\"elementor-element elementor-element-de6d175 e-con-full e-flex e-con e-child\" data-id=\"de6d175\" data-element_type=\"container\" data-settings=\"{&quot;_ha_eqh_enable&quot;:false}\">\n\t\t<div class=\"elementor-element elementor-element-38700c6 e-con-full e-flex e-con e-child\" data-id=\"38700c6\" data-element_type=\"container\" data-settings=\"{&quot;_ha_eqh_enable&quot;:false}\">\n\t\t\t\t<div class=\"elementor-element elementor-element-a8ba169 elementor-widget elementor-widget-text-editor\" data-id=\"a8ba169\" data-element_type=\"widget\" data-widget_type=\"text-editor.default\">\n\t\t\t\t<div class=\"elementor-widget-container\">\n\t\t\t\t\t\t\t\t\t<p>Inspire-se<span style=\"color: #df5c16;\">.<\/span><\/p>\t\t\t\t\t\t\t\t<\/div>\n\t\t\t\t<\/div>\n\t\t\t\t<div class=\"elementor-element elementor-element-4cb6065 elementor-widget elementor-widget-text-editor\" data-id=\"4cb6065\" data-element_type=\"widget\" data-widget_type=\"text-editor.default\">\n\t\t\t\t<div class=\"elementor-widget-container\">\n\t\t\t\t\t\t\t\t\t<p>Mais do que textos, as palavras aqui s\u00e3o reflex\u00f5es que, quando compartilhadas, se tornam um di\u00e1logo sobre tudo o que envolve mudan\u00e7a e transi\u00e7\u00e3o \u2013 os pensamentos, anseios, medos, sentimentos, aprendizados, as inquietudes, paix\u00f5es, realiza\u00e7\u00f5es, experi\u00eancias, etc.<\/p>\t\t\t\t\t\t\t\t<\/div>\n\t\t\t\t<\/div>\n\t\t\t\t<\/div>\n\t\t\t\t<\/div>\n\t\t\t\t\t<\/div>\n\t\t\t\t<\/div>\n\t\t<div class=\"elementor-element elementor-element-bde353e e-flex e-con-boxed e-con e-parent\" data-id=\"bde353e\" data-element_type=\"container\" data-settings=\"{&quot;background_background&quot;:&quot;classic&quot;,&quot;_ha_eqh_enable&quot;:false}\">\n\t\t\t\t\t<div class=\"e-con-inner\">\n\t\t\t\t<div class=\"elementor-element elementor-element-e95b195 elementor-widget elementor-widget-spacer\" data-id=\"e95b195\" data-element_type=\"widget\" data-widget_type=\"spacer.default\">\n\t\t\t\t<div class=\"elementor-widget-container\">\n\t\t\t\t\t\t\t<div class=\"elementor-spacer\">\n\t\t\t<div class=\"elementor-spacer-inner\"><\/div>\n\t\t<\/div>\n\t\t\t\t\t\t<\/div>\n\t\t\t\t<\/div>\n\t\t<div class=\"elementor-element elementor-element-d5d7430 e-con-full e-flex e-con e-child\" data-id=\"d5d7430\" data-element_type=\"container\" data-settings=\"{&quot;_ha_eqh_enable&quot;:false}\">\n\t\t<div class=\"elementor-element elementor-element-ecc067a e-con-full e-flex e-con e-child\" data-id=\"ecc067a\" data-element_type=\"container\" data-settings=\"{&quot;_ha_eqh_enable&quot;:false}\">\n\t\t\t\t<div class=\"elementor-element elementor-element-3c28b00 elementor-widget elementor-widget-spacer\" data-id=\"3c28b00\" data-element_type=\"widget\" data-widget_type=\"spacer.default\">\n\t\t\t\t<div class=\"elementor-widget-container\">\n\t\t\t\t\t\t\t<div class=\"elementor-spacer\">\n\t\t\t<div class=\"elementor-spacer-inner\"><\/div>\n\t\t<\/div>\n\t\t\t\t\t\t<\/div>\n\t\t\t\t<\/div>\n\t\t\t\t<div class=\"elementor-element elementor-element-c1a2362 elementor-widget elementor-widget-text-editor\" data-id=\"c1a2362\" data-element_type=\"widget\" data-widget_type=\"text-editor.default\">\n\t\t\t\t<div class=\"elementor-widget-container\">\n\t\t\t\t\t\t\t\t\t<p><span style=\"color: #000000;\">Quer receber<\/span> inspira\u00e7\u00e3o <span style=\"color: #000000;\">para sua <br \/>transi\u00e7\u00e3o direto no seu email?<\/span><\/p>\t\t\t\t\t\t\t\t<\/div>\n\t\t\t\t<\/div>\n\t\t\t\t<div class=\"elementor-element elementor-element-915b46c elementor-align-center elementor-widget elementor-widget-button\" data-id=\"915b46c\" data-element_type=\"widget\" data-widget_type=\"button.default\">\n\t\t\t\t<div class=\"elementor-widget-container\">\n\t\t\t\t\t\t\t\t\t<div class=\"elementor-button-wrapper\">\n\t\t\t\t\t<a class=\"elementor-button elementor-button-link elementor-size-sm\" href=\"https:\/\/kellygalesi.substack.com\/\">\n\t\t\t\t\t\t<span class=\"elementor-button-content-wrapper\">\n\t\t\t\t\t\t\t\t\t<span class=\"elementor-button-text\">Assine a newsletter<\/span>\n\t\t\t\t\t<\/span>\n\t\t\t\t\t<\/a>\n\t\t\t\t<\/div>\n\t\t\t\t\t\t\t\t<\/div>\n\t\t\t\t<\/div>\n\t\t\t\t<\/div>\n\t\t\t\t<\/div>\n\t\t\t\t\t<\/div>\n\t\t\t\t<\/div>\n\t\t<div class=\"elementor-element elementor-element-bb58277 e-flex e-con-boxed e-con e-parent\" data-id=\"bb58277\" data-element_type=\"container\" data-settings=\"{&quot;background_background&quot;:&quot;classic&quot;,&quot;_ha_eqh_enable&quot;:false}\">\n\t\t\t\t\t<div class=\"e-con-inner\">\n\t\t\t\t<div class=\"elementor-element elementor-element-cab2c58 elementor-widget elementor-widget-spacer\" data-id=\"cab2c58\" data-element_type=\"widget\" data-widget_type=\"spacer.default\">\n\t\t\t\t<div class=\"elementor-widget-container\">\n\t\t\t\t\t\t\t<div class=\"elementor-spacer\">\n\t\t\t<div class=\"elementor-spacer-inner\"><\/div>\n\t\t<\/div>\n\t\t\t\t\t\t<\/div>\n\t\t\t\t<\/div>\n\t\t<div class=\"elementor-element elementor-element-b24f5d8 e-con-full e-flex e-con e-child\" data-id=\"b24f5d8\" data-element_type=\"container\" data-settings=\"{&quot;_ha_eqh_enable&quot;:false}\">\n\t\t<div class=\"elementor-element elementor-element-19ce94c e-con-full e-flex e-con e-child\" data-id=\"19ce94c\" data-element_type=\"container\" data-settings=\"{&quot;_ha_eqh_enable&quot;:false}\">\n\t\t\t\t<div class=\"elementor-element elementor-element-8f00f5d ha-pg-grid-1 elementor-widget__width-inherit ha-pg-grid-tablet-2 ha-pg-grid-mobile-1 elementor-widget elementor-widget-ha-post-grid-new happy-addon ha-post-grid-new happy-addon-pro\" data-id=\"8f00f5d\" data-element_type=\"widget\" data-settings=\"{&quot;columns&quot;:&quot;1&quot;,&quot;columns_tablet&quot;:&quot;2&quot;,&quot;columns_mobile&quot;:&quot;1&quot;}\" data-widget_type=\"ha-post-grid-new.default\">\n\t\t\t\t<div class=\"elementor-widget-container\">\n\t\t\t\t\t\t\t\t\t\t\t<div class=\"ha-pg-wrapper ha-pg-default ha-pg-classic\">\n\t\t\t\t\t<div class=\"ha-pg-grid-wrap\">\n\t\t\t\t\t\n\t\t\t\t\t\t\t\t<div class=\"ha-pg-item\">\n\t\t\t\t\t\t\t<div class=\"ha-pg-thumb-area\">\n\t\t\t\t\t<a href=\"https:\/\/kellygalesi.com\/pt_br\/o-que-voce-esta-tentando-proteger-ao-nao-mudar\/\" class=\"ha-pg-thumb\">\n\t\t\t\t\t\t<img fetchpriority=\"high\" decoding=\"async\" width=\"2560\" height=\"1696\" src=\"https:\/\/kellygalesi.com\/wp-content\/uploads\/2025\/07\/35bb2430-3539-463c-8a14-09dc4b8c6f54_4840x3206-scaled.jpg\" class=\"attachment-full size-full wp-post-image\" alt=\"\" srcset=\"https:\/\/kellygalesi.com\/wp-content\/uploads\/2025\/07\/35bb2430-3539-463c-8a14-09dc4b8c6f54_4840x3206-scaled.jpg 2560w, https:\/\/kellygalesi.com\/wp-content\/uploads\/2025\/07\/35bb2430-3539-463c-8a14-09dc4b8c6f54_4840x3206-300x199.jpg 300w, https:\/\/kellygalesi.com\/wp-content\/uploads\/2025\/07\/35bb2430-3539-463c-8a14-09dc4b8c6f54_4840x3206-1024x678.jpg 1024w, https:\/\/kellygalesi.com\/wp-content\/uploads\/2025\/07\/35bb2430-3539-463c-8a14-09dc4b8c6f54_4840x3206-768x509.jpg 768w, https:\/\/kellygalesi.com\/wp-content\/uploads\/2025\/07\/35bb2430-3539-463c-8a14-09dc4b8c6f54_4840x3206-1536x1017.jpg 1536w, https:\/\/kellygalesi.com\/wp-content\/uploads\/2025\/07\/35bb2430-3539-463c-8a14-09dc4b8c6f54_4840x3206-2048x1357.jpg 2048w\" sizes=\"(max-width: 2560px) 100vw, 2560px\" \/>\t\t\t\t\t<\/a>\n\t\t\t\t\t\t\t\t\t<\/div>\n\t\t\t\t\t\t<div class=\"ha-pg-content-area\">\n\n\t\t\t\t<h4 class=\"ha-pg-title\"><a href=\"https:\/\/kellygalesi.com\/pt_br\/o-que-voce-esta-tentando-proteger-ao-nao-mudar\/\">O que voc\u00ea est\u00e1 tentando proteger ao n\u00e3o mudar?<\/a><\/h4>\n\t\t\t\t\n\t\t\t\t\n\t\t\t\t<div class=\"ha-pg-readmore\"><a href=\"https:\/\/kellygalesi.com\/pt_br\/o-que-voce-esta-tentando-proteger-ao-nao-mudar\/\" target=\"_blank\">Leia aqui<\/a><\/div>\t\t\t<\/div>\n\t\t<\/div>\n\t\n\t\t\t\t\t\t\t\t\t\t\t\t\t\t\t<\/div>\n\t\t\t\t\t\t\t\t\t<\/div>\n\t\t\t\t\t\t\t\t\t<\/div>\n\t\t\t\t<\/div>\n\t\t\t\t<div class=\"elementor-element elementor-element-fe222d3 ha-pg-grid-2 elementor-widget__width-inherit ha-pg-grid-tablet-2 ha-pg-grid-mobile-1 elementor-widget elementor-widget-ha-post-grid-new happy-addon ha-post-grid-new happy-addon-pro\" data-id=\"fe222d3\" data-element_type=\"widget\" data-settings=\"{&quot;columns&quot;:&quot;2&quot;,&quot;columns_tablet&quot;:&quot;2&quot;,&quot;columns_mobile&quot;:&quot;1&quot;}\" data-widget_type=\"ha-post-grid-new.default\">\n\t\t\t\t<div class=\"elementor-widget-container\">\n\t\t\t\t\t\t\t\t\t\t\t<div class=\"ha-pg-wrapper ha-pg-default ha-pg-classic\">\n\t\t\t\t\t<div class=\"ha-pg-grid-wrap\">\n\t\t\t\t\t\n\t\t\t\t\t\t\t\t<div class=\"ha-pg-item\">\n\t\t\t\t\t\t\t<div class=\"ha-pg-thumb-area\">\n\t\t\t\t\t<a href=\"https:\/\/kellygalesi.com\/pt_br\/quando-tudo-bagunca-por-dentro\/\" class=\"ha-pg-thumb\">\n\t\t\t\t\t\t<img decoding=\"async\" width=\"1024\" height=\"1536\" src=\"https:\/\/kellygalesi.com\/wp-content\/uploads\/2025\/07\/4e23fa7e-d76d-4e71-a23c-b255358ce709_1024x1536.jpg\" class=\"attachment-full size-full wp-post-image\" alt=\"\" srcset=\"https:\/\/kellygalesi.com\/wp-content\/uploads\/2025\/07\/4e23fa7e-d76d-4e71-a23c-b255358ce709_1024x1536.jpg 1024w, https:\/\/kellygalesi.com\/wp-content\/uploads\/2025\/07\/4e23fa7e-d76d-4e71-a23c-b255358ce709_1024x1536-200x300.jpg 200w, https:\/\/kellygalesi.com\/wp-content\/uploads\/2025\/07\/4e23fa7e-d76d-4e71-a23c-b255358ce709_1024x1536-683x1024.jpg 683w, https:\/\/kellygalesi.com\/wp-content\/uploads\/2025\/07\/4e23fa7e-d76d-4e71-a23c-b255358ce709_1024x1536-768x1152.jpg 768w\" sizes=\"(max-width: 1024px) 100vw, 1024px\" \/>\t\t\t\t\t<\/a>\n\t\t\t\t\t\t\t\t\t<\/div>\n\t\t\t\t\t\t<div class=\"ha-pg-content-area\">\n\n\t\t\t\t<h4 class=\"ha-pg-title\"><a href=\"https:\/\/kellygalesi.com\/pt_br\/quando-tudo-bagunca-por-dentro\/\">Quando tudo bagun\u00e7a por dentro<\/a><\/h4>\n\t\t\t\t\n\t\t\t\t\n\t\t\t\t<div class=\"ha-pg-readmore\"><a href=\"https:\/\/kellygalesi.com\/pt_br\/quando-tudo-bagunca-por-dentro\/\" target=\"_blank\">Leia aqui<\/a><\/div>\t\t\t<\/div>\n\t\t<\/div>\n\t\n\t\t\t\t\t\n\t\t\t\t\t\t\t\t<div class=\"ha-pg-item\">\n\t\t\t\t\t\t\t<div class=\"ha-pg-thumb-area\">\n\t\t\t\t\t<a href=\"https:\/\/kellygalesi.com\/pt_br\/cansei-do-corporativo-e-agora\/\" class=\"ha-pg-thumb\">\n\t\t\t\t\t\t<img decoding=\"async\" width=\"1456\" height=\"2184\" src=\"https:\/\/kellygalesi.com\/wp-content\/uploads\/2025\/07\/700177f0-5d53-454b-88c1-736d4bd28243_3333x5000.webp\" class=\"attachment-full size-full wp-post-image\" alt=\"\" srcset=\"https:\/\/kellygalesi.com\/wp-content\/uploads\/2025\/07\/700177f0-5d53-454b-88c1-736d4bd28243_3333x5000.webp 1456w, https:\/\/kellygalesi.com\/wp-content\/uploads\/2025\/07\/700177f0-5d53-454b-88c1-736d4bd28243_3333x5000-200x300.webp 200w, https:\/\/kellygalesi.com\/wp-content\/uploads\/2025\/07\/700177f0-5d53-454b-88c1-736d4bd28243_3333x5000-683x1024.webp 683w, https:\/\/kellygalesi.com\/wp-content\/uploads\/2025\/07\/700177f0-5d53-454b-88c1-736d4bd28243_3333x5000-768x1152.webp 768w, https:\/\/kellygalesi.com\/wp-content\/uploads\/2025\/07\/700177f0-5d53-454b-88c1-736d4bd28243_3333x5000-1024x1536.webp 1024w, https:\/\/kellygalesi.com\/wp-content\/uploads\/2025\/07\/700177f0-5d53-454b-88c1-736d4bd28243_3333x5000-1365x2048.webp 1365w\" sizes=\"(max-width: 1456px) 100vw, 1456px\" \/>\t\t\t\t\t<\/a>\n\t\t\t\t\t\t\t\t\t<\/div>\n\t\t\t\t\t\t<div class=\"ha-pg-content-area\">\n\n\t\t\t\t<h4 class=\"ha-pg-title\"><a href=\"https:\/\/kellygalesi.com\/pt_br\/cansei-do-corporativo-e-agora\/\">Cansei do corporativo. E agora?<\/a><\/h4>\n\t\t\t\t\n\t\t\t\t\n\t\t\t\t<div class=\"ha-pg-readmore\"><a href=\"https:\/\/kellygalesi.com\/pt_br\/cansei-do-corporativo-e-agora\/\" target=\"_blank\">Leia aqui<\/a><\/div>\t\t\t<\/div>\n\t\t<\/div>\n\t\n\t\t\t\t\t\t\t\t\t\t\t\t\t\t\t<\/div>\n\t\t\t\t\t\t\t\t\t<\/div>\n\t\t\t\t\t\t\t\t\t<\/div>\n\t\t\t\t<\/div>\n\t\t\t\t<\/div>\n\t\t\t\t<\/div>\n\t\t\t\t\t<\/div>\n\t\t\t\t<\/div>\n\t\t\t\t<\/div>\n\t\t","protected":false},"excerpt":{"rendered":"<p>Inspire-se. Mais do que textos, as palavras aqui s\u00e3o reflex\u00f5es que, quando compartilhadas, se tornam um di\u00e1logo sobre tudo o que envolve mudan\u00e7a e transi\u00e7\u00e3o \u2013 os pensamentos, anseios, medos, sentimentos, aprendizados, as inquietudes, paix\u00f5es, realiza\u00e7\u00f5es, experi\u00eancias, etc. Quer receber inspira\u00e7\u00e3o para sua transi\u00e7\u00e3o direto no seu email? Assine a newsletter O que voc\u00ea est\u00e1 [&hellip;]<\/p>\n","protected":false},"author":1,"featured_media":0,"parent":0,"menu_order":0,"comment_status":"closed","ping_status":"closed","template":"elementor_header_footer","meta":{"footnotes":""},"class_list":["post-358","page","type-page","status-publish","hentry"],"_links":{"self":[{"href":"https:\/\/kellygalesi.com\/pt_br\/wp-json\/wp\/v2\/pages\/358","targetHints":{"allow":["GET"]}}],"collection":[{"href":"https:\/\/kellygalesi.com\/pt_br\/wp-json\/wp\/v2\/pages"}],"about":[{"href":"https:\/\/kellygalesi.com\/pt_br\/wp-json\/wp\/v2\/types\/page"}],"author":[{"embeddable":true,"href":"https:\/\/kellygalesi.com\/pt_br\/wp-json\/wp\/v2\/users\/1"}],"replies":[{"embeddable":true,"href":"https:\/\/kellygalesi.com\/pt_br\/wp-json\/wp\/v2\/comments?post=358"}],"version-history":[{"count":55,"href":"https:\/\/kellygalesi.com\/pt_br\/wp-json\/wp\/v2\/pages\/358\/revisions"}],"predecessor-version":[{"id":964,"href":"https:\/\/kellygalesi.com\/pt_br\/wp-json\/wp\/v2\/pages\/358\/revisions\/964"}],"wp:attachment":[{"href":"https:\/\/kellygalesi.com\/pt_br\/wp-json\/wp\/v2\/media?parent=358"}],"curies":[{"name":"wp","href":"https:\/\/api.w.org\/{rel}","templated":true}]}}