{"id":262,"date":"2025-07-21T18:55:31","date_gmt":"2025-07-21T18:55:31","guid":{"rendered":"https:\/\/kellygalesi.com\/?page_id=262"},"modified":"2025-12-03T11:38:40","modified_gmt":"2025-12-03T14:38:40","slug":"sobre","status":"publish","type":"page","link":"https:\/\/kellygalesi.com\/pt_br\/sobre\/","title":{"rendered":"Sobre"},"content":{"rendered":"\t\t<div data-elementor-type=\"wp-page\" data-elementor-id=\"262\" class=\"elementor elementor-262\" data-elementor-settings=\"{&quot;ha_cmc_init_switcher&quot;:&quot;no&quot;}\" data-elementor-post-type=\"page\">\n\t\t\t\t<div class=\"elementor-element elementor-element-8e6848a e-flex e-con-boxed e-con e-parent\" data-id=\"8e6848a\" data-element_type=\"container\" data-settings=\"{&quot;background_background&quot;:&quot;classic&quot;,&quot;_ha_eqh_enable&quot;:false}\">\n\t\t\t\t\t<div class=\"e-con-inner\">\n\t\t<div class=\"elementor-element elementor-element-eec76f2 e-con-full e-flex e-con e-child\" data-id=\"eec76f2\" data-element_type=\"container\" data-settings=\"{&quot;_ha_eqh_enable&quot;:false}\">\n\t\t\t\t<div class=\"elementor-element elementor-element-106a84a elementor-widget elementor-widget-text-editor\" data-id=\"106a84a\" data-element_type=\"widget\" data-widget_type=\"text-editor.default\">\n\t\t\t\t<div class=\"elementor-widget-container\">\n\t\t\t\t\t\t\t\t\t<p>Quem te acompanhar\u00e1<br \/>nessa jornada?<\/p>\t\t\t\t\t\t\t\t<\/div>\n\t\t\t\t<\/div>\n\t\t\t\t<div class=\"elementor-element elementor-element-aa469f9 elementor-widget elementor-widget-text-editor\" data-id=\"aa469f9\" data-element_type=\"widget\" data-widget_type=\"text-editor.default\">\n\t\t\t\t<div class=\"elementor-widget-container\">\n\t\t\t\t\t\t\t\t\t<p>Ol\u00e1, eu sou Kelly Galesi e estou feliz em te ver aqui!<\/p>\t\t\t\t\t\t\t\t<\/div>\n\t\t\t\t<\/div>\n\t\t\t\t<div class=\"elementor-element elementor-element-48a76ce elementor-widget elementor-widget-text-editor\" data-id=\"48a76ce\" data-element_type=\"widget\" data-widget_type=\"text-editor.default\">\n\t\t\t\t<div class=\"elementor-widget-container\">\n\t\t\t\t\t\t\t\t\t<p>Atuo como estrategista de transi\u00e7\u00e3o em uma trajet\u00f3ria de mais de 15 anos liderando pessoas e organiza\u00e7\u00f5es por processos de mudan\u00e7a em diversos pa\u00edses.<\/p><p>Tive a oportunidade de construir uma s\u00f3lida experi\u00eancia conduzindo milhares de indiv\u00edduos em jornadas de transforma\u00e7\u00e3o, al\u00e9m de ensinar e compartilhar com tantas outras meus aprendizados, em grandes companhias, pequenas startups, organiza\u00e7\u00f5es e institutos de educa\u00e7\u00e3o.<\/p><p>Essa viv\u00eancia de longos anos de integra\u00e7\u00e3o entre <strong>o passado e o futuro, o velho e o novo, o sutil do ser humano e o concreto de suas a\u00e7\u00f5es no mundo<\/strong>\u00a0me levou a desenvolver uma metodologia pr\u00f3pria de transforma\u00e7\u00e3o.\u00a0<\/p><p>Uma abordagem \u00fanica para transi\u00e7\u00f5es que une filosofia e ci\u00eancias do desenvolvimento e comportamento humano a pr\u00e1ticas de inova\u00e7\u00e3o e design thinking para capacitar voc\u00ea com as habilidades essenciais para fazer as mudan\u00e7as que tanto deseja.<\/p>\t\t\t\t\t\t\t\t<\/div>\n\t\t\t\t<\/div>\n\t\t\t\t<\/div>\n\t\t\t\t\t<\/div>\n\t\t\t\t<\/div>\n\t\t<div class=\"elementor-element elementor-element-dae4195 e-flex e-con-boxed e-con e-parent\" data-id=\"dae4195\" data-element_type=\"container\" data-settings=\"{&quot;background_background&quot;:&quot;classic&quot;,&quot;_ha_eqh_enable&quot;:false}\">\n\t\t\t\t\t<div class=\"e-con-inner\">\n\t\t<div class=\"elementor-element elementor-element-ddf1ef0 e-con-full e-flex e-con e-child\" data-id=\"ddf1ef0\" data-element_type=\"container\" data-settings=\"{&quot;_ha_eqh_enable&quot;:false}\">\n\t\t\t\t<div class=\"elementor-element elementor-element-91f3e38 elementor-widget elementor-widget-text-editor\" data-id=\"91f3e38\" data-element_type=\"widget\" data-widget_type=\"text-editor.default\">\n\t\t\t\t<div class=\"elementor-widget-container\">\n\t\t\t\t\t\t\t\t\t<p>Por que fa\u00e7o o que fa\u00e7o?<\/p>\t\t\t\t\t\t\t\t<\/div>\n\t\t\t\t<\/div>\n\t\t\t\t<div class=\"elementor-element elementor-element-fdfc846 elementor-widget elementor-widget-text-editor\" data-id=\"fdfc846\" data-element_type=\"widget\" data-widget_type=\"text-editor.default\">\n\t\t\t\t<div class=\"elementor-widget-container\">\n\t\t\t\t\t\t\t\t\t<p>Esse cap\u00edtulo da minha hist\u00f3ria come\u00e7ou com a minha pr\u00f3pria transi\u00e7\u00e3o e a decis\u00e3o de seguir o que me MOVE:<span style=\"color: #df5c16;\"><strong> o potencial de transforma\u00e7\u00e3o e reinven\u00e7\u00e3o do ser humano.\u00a0<\/strong><\/span><\/p><p>Minha jornada \u00e9 inspirar uma legi\u00e3o cada vez maior de pessoas a se conectarem com sua verdadeira ess\u00eancia e ativar o potencial que reside em cada indiv\u00edduo para que se tornem agentes de transforma\u00e7\u00e3o em suas pr\u00f3prias vidas.<\/p><p>Minha miss\u00e3o \u00e9 ser o guia que voc\u00ea precisa na sua jornada de transi\u00e7\u00e3o. Juntos vamos resgatar sua singularidade e construir novos caminhos que te realizem.\u00a0<\/p>\t\t\t\t\t\t\t\t<\/div>\n\t\t\t\t<\/div>\n\t\t\t\t<\/div>\n\t\t<div class=\"elementor-element elementor-element-50a0793 e-con-full e-flex e-con e-child\" data-id=\"50a0793\" data-element_type=\"container\" data-settings=\"{&quot;_ha_eqh_enable&quot;:false}\">\n\t\t\t\t<div class=\"elementor-element elementor-element-cab883e elementor-widget elementor-widget-image\" data-id=\"cab883e\" data-element_type=\"widget\" data-widget_type=\"image.default\">\n\t\t\t\t<div class=\"elementor-widget-container\">\n\t\t\t\t\t\t\t\t\t\t\t\t\t\t\t<img fetchpriority=\"high\" decoding=\"async\" width=\"946\" height=\"1608\" src=\"https:\/\/kellygalesi.com\/wp-content\/uploads\/2025\/09\/IMG_3548-Edit-Edit-1.png\" class=\"attachment-full size-full wp-image-558\" alt=\"\" srcset=\"https:\/\/kellygalesi.com\/wp-content\/uploads\/2025\/09\/IMG_3548-Edit-Edit-1.png 946w, https:\/\/kellygalesi.com\/wp-content\/uploads\/2025\/09\/IMG_3548-Edit-Edit-1-176x300.png 176w, https:\/\/kellygalesi.com\/wp-content\/uploads\/2025\/09\/IMG_3548-Edit-Edit-1-602x1024.png 602w, https:\/\/kellygalesi.com\/wp-content\/uploads\/2025\/09\/IMG_3548-Edit-Edit-1-768x1305.png 768w, https:\/\/kellygalesi.com\/wp-content\/uploads\/2025\/09\/IMG_3548-Edit-Edit-1-904x1536.png 904w\" sizes=\"(max-width: 946px) 100vw, 946px\" \/>\t\t\t\t\t\t\t\t\t\t\t\t\t\t\t<\/div>\n\t\t\t\t<\/div>\n\t\t\t\t<\/div>\n\t\t\t\t\t<\/div>\n\t\t\t\t<\/div>\n\t\t<div class=\"elementor-element elementor-element-031e3d2 e-flex e-con-boxed e-con e-parent\" data-id=\"031e3d2\" data-element_type=\"container\" data-settings=\"{&quot;background_background&quot;:&quot;classic&quot;,&quot;_ha_eqh_enable&quot;:false}\">\n\t\t\t\t\t<div class=\"e-con-inner\">\n\t\t<div class=\"elementor-element elementor-element-29724c4 e-con-full e-flex e-con e-child\" data-id=\"29724c4\" data-element_type=\"container\" data-settings=\"{&quot;_ha_eqh_enable&quot;:false}\">\n\t\t\t\t<div class=\"elementor-element elementor-element-c19593d elementor-widget elementor-widget-text-editor\" data-id=\"c19593d\" data-element_type=\"widget\" data-widget_type=\"text-editor.default\">\n\t\t\t\t<div class=\"elementor-widget-container\">\n\t\t\t\t\t\t\t\t\t<p>Assuma agora a dire\u00e7\u00e3o da sua vida,<\/p>\t\t\t\t\t\t\t\t<\/div>\n\t\t\t\t<\/div>\n\t\t\t\t<div class=\"elementor-element elementor-element-924ad21 elementor-widget elementor-widget-text-editor\" data-id=\"924ad21\" data-element_type=\"widget\" data-widget_type=\"text-editor.default\">\n\t\t\t\t<div class=\"elementor-widget-container\">\n\t\t\t\t\t\t\t\t\t<p>a escolha est\u00e1 em suas m\u00e3os.<\/p>\t\t\t\t\t\t\t\t<\/div>\n\t\t\t\t<\/div>\n\t\t\t\t<div class=\"elementor-element elementor-element-7e5ac1a elementor-widget elementor-widget-image\" data-id=\"7e5ac1a\" data-element_type=\"widget\" data-widget_type=\"image.default\">\n\t\t\t\t<div class=\"elementor-widget-container\">\n\t\t\t\t\t\t\t\t\t\t\t\t\t\t\t<img decoding=\"async\" width=\"972\" height=\"27\" src=\"https:\/\/kellygalesi.com\/wp-content\/uploads\/2025\/08\/Vector-24.png\" class=\"attachment-full size-full wp-image-485\" alt=\"\" srcset=\"https:\/\/kellygalesi.com\/wp-content\/uploads\/2025\/08\/Vector-24.png 972w, https:\/\/kellygalesi.com\/wp-content\/uploads\/2025\/08\/Vector-24-300x8.png 300w, https:\/\/kellygalesi.com\/wp-content\/uploads\/2025\/08\/Vector-24-768x21.png 768w\" sizes=\"(max-width: 972px) 100vw, 972px\" \/>\t\t\t\t\t\t\t\t\t\t\t\t\t\t\t<\/div>\n\t\t\t\t<\/div>\n\t\t\t\t<div class=\"elementor-element elementor-element-8bd8c2c elementor-widget elementor-widget-text-editor\" data-id=\"8bd8c2c\" data-element_type=\"widget\" data-widget_type=\"text-editor.default\">\n\t\t\t\t<div class=\"elementor-widget-container\">\n\t\t\t\t\t\t\t\t\t<p>Esse \u00e9 o convite que fa\u00e7o a voc\u00ea.<\/p>\t\t\t\t\t\t\t\t<\/div>\n\t\t\t\t<\/div>\n\t\t\t\t<div class=\"elementor-element elementor-element-2eaf103 elementor-align-center elementor-widget elementor-widget-button\" data-id=\"2eaf103\" data-element_type=\"widget\" data-widget_type=\"button.default\">\n\t\t\t\t<div class=\"elementor-widget-container\">\n\t\t\t\t\t\t\t\t\t<div class=\"elementor-button-wrapper\">\n\t\t\t\t\t<a class=\"elementor-button elementor-button-link elementor-size-sm\" href=\"https:\/\/www.linkedin.com\/in\/kelly-galesi\/\">\n\t\t\t\t\t\t<span class=\"elementor-button-content-wrapper\">\n\t\t\t\t\t\t\t\t\t<span class=\"elementor-button-text\">Saiba mais da minha hist\u00f3ria<\/span>\n\t\t\t\t\t<\/span>\n\t\t\t\t\t<\/a>\n\t\t\t\t<\/div>\n\t\t\t\t\t\t\t\t<\/div>\n\t\t\t\t<\/div>\n\t\t\t\t<div class=\"elementor-element elementor-element-6e53aed elementor-widget elementor-widget-spacer\" data-id=\"6e53aed\" data-element_type=\"widget\" data-widget_type=\"spacer.default\">\n\t\t\t\t<div class=\"elementor-widget-container\">\n\t\t\t\t\t\t\t<div class=\"elementor-spacer\">\n\t\t\t<div class=\"elementor-spacer-inner\"><\/div>\n\t\t<\/div>\n\t\t\t\t\t\t<\/div>\n\t\t\t\t<\/div>\n\t\t\t\t<div class=\"elementor-element elementor-element-07e6546 elementor-widget elementor-widget-text-editor\" data-id=\"07e6546\" data-element_type=\"widget\" data-widget_type=\"text-editor.default\">\n\t\t\t\t<div class=\"elementor-widget-container\">\n\t\t\t\t\t\t\t\t\t<p>\u201cA vida \u00e9 um ciclo cont\u00ednuo de oportunidades de evolu\u00e7\u00e3o. \u00c9 um ato de coragem assumirmos quem somos e vivermos e escrevermos a hist\u00f3ria que queremos.&#8221;<\/p>\t\t\t\t\t\t\t\t<\/div>\n\t\t\t\t<\/div>\n\t\t\t\t<div class=\"elementor-element elementor-element-cefc6d2 elementor-widget elementor-widget-spacer\" data-id=\"cefc6d2\" data-element_type=\"widget\" data-widget_type=\"spacer.default\">\n\t\t\t\t<div class=\"elementor-widget-container\">\n\t\t\t\t\t\t\t<div class=\"elementor-spacer\">\n\t\t\t<div class=\"elementor-spacer-inner\"><\/div>\n\t\t<\/div>\n\t\t\t\t\t\t<\/div>\n\t\t\t\t<\/div>\n\t\t\t\t<\/div>\n\t\t\t\t\t<\/div>\n\t\t\t\t<\/div>\n\t\t<div class=\"elementor-element elementor-element-8f3027b e-flex e-con-boxed e-con e-parent\" data-id=\"8f3027b\" data-element_type=\"container\" data-settings=\"{&quot;background_background&quot;:&quot;classic&quot;,&quot;_ha_eqh_enable&quot;:false}\">\n\t\t\t\t\t<div class=\"e-con-inner\">\n\t\t<div class=\"elementor-element elementor-element-50463e7 e-con-full e-flex e-con e-child\" data-id=\"50463e7\" data-element_type=\"container\" data-settings=\"{&quot;_ha_eqh_enable&quot;:false}\">\n\t\t\t\t<div class=\"elementor-element elementor-element-122ecbc elementor-widget elementor-widget-spacer\" data-id=\"122ecbc\" data-element_type=\"widget\" data-widget_type=\"spacer.default\">\n\t\t\t\t<div class=\"elementor-widget-container\">\n\t\t\t\t\t\t\t<div class=\"elementor-spacer\">\n\t\t\t<div class=\"elementor-spacer-inner\"><\/div>\n\t\t<\/div>\n\t\t\t\t\t\t<\/div>\n\t\t\t\t<\/div>\n\t\t\t\t<div class=\"elementor-element elementor-element-47f41d1 elementor-widget elementor-widget-text-editor\" data-id=\"47f41d1\" data-element_type=\"widget\" data-widget_type=\"text-editor.default\">\n\t\t\t\t<div class=\"elementor-widget-container\">\n\t\t\t\t\t\t\t\t\t<p>O Movimento<\/p>\t\t\t\t\t\t\t\t<\/div>\n\t\t\t\t<\/div>\n\t\t\t\t<div class=\"elementor-element elementor-element-5c777d6 elementor-widget elementor-widget-text-editor\" data-id=\"5c777d6\" data-element_type=\"widget\" data-widget_type=\"text-editor.default\">\n\t\t\t\t<div class=\"elementor-widget-container\">\n\t\t\t\t\t\t\t\t\t<p>A transi\u00e7\u00e3o pode sempre ser um <span style=\"color: #df5c16;\"><strong>ponto de virada<\/strong><\/span>. Voc\u00ea est\u00e1 pronto para virar a p\u00e1gina?<\/p><p>Est\u00e1 pronto para deixar para tr\u00e1s o que n\u00e3o te serve mais?<\/p><p>Este \u00e9 o momento de abra\u00e7ar a mudan\u00e7a e recome\u00e7ar.<\/p><p>Aqui sua hist\u00f3ria n\u00e3o ser\u00e1 apenas um recorte do seu passado \u2014 ser\u00e1 o maior ativo para criarmos mudan\u00e7as conscientes e genu\u00ednas no seu presente e futuro.<\/p><p><strong>Vamos juntos transformar sua ess\u00eancia em novos cap\u00edtulos da sua hist\u00f3ria.<\/strong><\/p>\t\t\t\t\t\t\t\t<\/div>\n\t\t\t\t<\/div>\n\t\t\t\t<\/div>\n\t\t<div class=\"elementor-element elementor-element-7ffca89 e-con-full e-flex e-con e-child\" data-id=\"7ffca89\" data-element_type=\"container\" data-settings=\"{&quot;_ha_eqh_enable&quot;:false}\">\n\t\t\t\t<div class=\"elementor-element elementor-element-9640c6a elementor-widget elementor-widget-image\" data-id=\"9640c6a\" data-element_type=\"widget\" data-widget_type=\"image.default\">\n\t\t\t\t<div class=\"elementor-widget-container\">\n\t\t\t\t\t\t\t\t\t\t\t\t\t\t\t<img decoding=\"async\" width=\"466\" height=\"435\" src=\"https:\/\/kellygalesi.com\/wp-content\/uploads\/2025\/11\/Mask-group-29.png\" class=\"attachment-large size-large wp-image-821\" alt=\"\" srcset=\"https:\/\/kellygalesi.com\/wp-content\/uploads\/2025\/11\/Mask-group-29.png 466w, https:\/\/kellygalesi.com\/wp-content\/uploads\/2025\/11\/Mask-group-29-300x280.png 300w\" sizes=\"(max-width: 466px) 100vw, 466px\" \/>\t\t\t\t\t\t\t\t\t\t\t\t\t\t\t<\/div>\n\t\t\t\t<\/div>\n\t\t\t\t<\/div>\n\t\t\t\t\t<\/div>\n\t\t\t\t<\/div>\n\t\t<div class=\"elementor-element elementor-element-80a021e e-flex e-con-boxed e-con e-parent\" data-id=\"80a021e\" data-element_type=\"container\" data-settings=\"{&quot;background_background&quot;:&quot;classic&quot;,&quot;_ha_eqh_enable&quot;:false}\">\n\t\t\t\t\t<div class=\"e-con-inner\">\n\t\t<div class=\"elementor-element elementor-element-92f7f98 e-con-full e-flex e-con e-child\" data-id=\"92f7f98\" data-element_type=\"container\" data-settings=\"{&quot;_ha_eqh_enable&quot;:false}\">\n\t\t\t\t<div class=\"elementor-element elementor-element-d4b3c8e elementor-widget elementor-widget-image\" data-id=\"d4b3c8e\" data-element_type=\"widget\" data-widget_type=\"image.default\">\n\t\t\t\t<div class=\"elementor-widget-container\">\n\t\t\t\t\t\t\t\t\t\t\t\t\t\t\t<img loading=\"lazy\" decoding=\"async\" width=\"410\" height=\"76\" src=\"https:\/\/kellygalesi.com\/wp-content\/uploads\/2025\/07\/Esse-e-o-meu-legado.png\" class=\"attachment-full size-full wp-image-282\" alt=\"\" srcset=\"https:\/\/kellygalesi.com\/wp-content\/uploads\/2025\/07\/Esse-e-o-meu-legado.png 410w, https:\/\/kellygalesi.com\/wp-content\/uploads\/2025\/07\/Esse-e-o-meu-legado-300x56.png 300w\" sizes=\"(max-width: 410px) 100vw, 410px\" \/>\t\t\t\t\t\t\t\t\t\t\t\t\t\t\t<\/div>\n\t\t\t\t<\/div>\n\t\t\t\t<div class=\"elementor-element elementor-element-d6e6a5b elementor-widget elementor-widget-text-editor\" data-id=\"d6e6a5b\" data-element_type=\"widget\" data-widget_type=\"text-editor.default\">\n\t\t\t\t<div class=\"elementor-widget-container\">\n\t\t\t\t\t\t\t\t\t<p>Espero poder te inspirar a<br \/>construir o seu tamb\u00e9m.<\/p>\t\t\t\t\t\t\t\t<\/div>\n\t\t\t\t<\/div>\n\t\t\t\t<div class=\"elementor-element elementor-element-a8cdace elementor-align-center elementor-widget elementor-widget-button\" data-id=\"a8cdace\" data-element_type=\"widget\" data-widget_type=\"button.default\">\n\t\t\t\t<div class=\"elementor-widget-container\">\n\t\t\t\t\t\t\t\t\t<div class=\"elementor-button-wrapper\">\n\t\t\t\t\t<a class=\"elementor-button elementor-button-link elementor-size-sm\" href=\"https:\/\/wa.link\/h7gcau\">\n\t\t\t\t\t\t<span class=\"elementor-button-content-wrapper\">\n\t\t\t\t\t\t\t\t\t<span class=\"elementor-button-text\">Vamos falar?<\/span>\n\t\t\t\t\t<\/span>\n\t\t\t\t\t<\/a>\n\t\t\t\t<\/div>\n\t\t\t\t\t\t\t\t<\/div>\n\t\t\t\t<\/div>\n\t\t\t\t<div class=\"elementor-element elementor-element-b9d0e25 elementor-widget elementor-widget-spacer\" data-id=\"b9d0e25\" data-element_type=\"widget\" data-widget_type=\"spacer.default\">\n\t\t\t\t<div class=\"elementor-widget-container\">\n\t\t\t\t\t\t\t<div class=\"elementor-spacer\">\n\t\t\t<div class=\"elementor-spacer-inner\"><\/div>\n\t\t<\/div>\n\t\t\t\t\t\t<\/div>\n\t\t\t\t<\/div>\n\t\t\t\t<\/div>\n\t\t\t\t\t<\/div>\n\t\t\t\t<\/div>\n\t\t\t\t<\/div>\n\t\t","protected":false},"excerpt":{"rendered":"<p>Quem te acompanhar\u00e1nessa jornada? Ol\u00e1, eu sou Kelly Galesi e estou feliz em te ver aqui! Atuo como estrategista de transi\u00e7\u00e3o em uma trajet\u00f3ria de mais de 15 anos liderando pessoas e organiza\u00e7\u00f5es por processos de mudan\u00e7a em diversos pa\u00edses. Tive a oportunidade de construir uma s\u00f3lida experi\u00eancia conduzindo milhares de indiv\u00edduos em jornadas de [&hellip;]<\/p>\n","protected":false},"author":1,"featured_media":0,"parent":0,"menu_order":0,"comment_status":"closed","ping_status":"closed","template":"elementor_header_footer","meta":{"footnotes":""},"class_list":["post-262","page","type-page","status-publish","hentry"],"_links":{"self":[{"href":"https:\/\/kellygalesi.com\/pt_br\/wp-json\/wp\/v2\/pages\/262","targetHints":{"allow":["GET"]}}],"collection":[{"href":"https:\/\/kellygalesi.com\/pt_br\/wp-json\/wp\/v2\/pages"}],"about":[{"href":"https:\/\/kellygalesi.com\/pt_br\/wp-json\/wp\/v2\/types\/page"}],"author":[{"embeddable":true,"href":"https:\/\/kellygalesi.com\/pt_br\/wp-json\/wp\/v2\/users\/1"}],"replies":[{"embeddable":true,"href":"https:\/\/kellygalesi.com\/pt_br\/wp-json\/wp\/v2\/comments?post=262"}],"version-history":[{"count":187,"href":"https:\/\/kellygalesi.com\/pt_br\/wp-json\/wp\/v2\/pages\/262\/revisions"}],"predecessor-version":[{"id":1168,"href":"https:\/\/kellygalesi.com\/pt_br\/wp-json\/wp\/v2\/pages\/262\/revisions\/1168"}],"wp:attachment":[{"href":"https:\/\/kellygalesi.com\/pt_br\/wp-json\/wp\/v2\/media?parent=262"}],"curies":[{"name":"wp","href":"https:\/\/api.w.org\/{rel}","templated":true}]}}