{"id":262,"date":"2025-07-21T18:55:31","date_gmt":"2025-07-21T18:55:31","guid":{"rendered":"https:\/\/kellygalesi.com\/?page_id=262"},"modified":"2025-12-03T11:38:40","modified_gmt":"2025-12-03T14:38:40","slug":"sobre","status":"publish","type":"page","link":"https:\/\/kellygalesi.com\/en\/sobre\/","title":{"rendered":"About"},"content":{"rendered":"<div data-elementor-type=\"wp-page\" data-elementor-id=\"262\" class=\"elementor elementor-262\" data-elementor-settings=\"{&quot;ha_cmc_init_switcher&quot;:&quot;no&quot;}\" data-elementor-post-type=\"page\">\n\t\t\t\t<div class=\"elementor-element elementor-element-8e6848a e-flex e-con-boxed e-con e-parent\" data-id=\"8e6848a\" data-element_type=\"container\" data-settings=\"{&quot;background_background&quot;:&quot;classic&quot;,&quot;_ha_eqh_enable&quot;:false}\">\n\t\t\t\t\t<div class=\"e-con-inner\">\n\t\t<div class=\"elementor-element elementor-element-eec76f2 e-con-full e-flex e-con e-child\" data-id=\"eec76f2\" data-element_type=\"container\" data-settings=\"{&quot;_ha_eqh_enable&quot;:false}\">\n\t\t\t\t<div class=\"elementor-element elementor-element-106a84a elementor-widget elementor-widget-text-editor\" data-id=\"106a84a\" data-element_type=\"widget\" data-widget_type=\"text-editor.default\">\n\t\t\t\t<div class=\"elementor-widget-container\">\n\t\t\t\t\t\t\t\t\t<p>Who will guide you through<br \/>this journey?<\/p>\t\t\t\t\t\t\t\t<\/div>\n\t\t\t\t<\/div>\n\t\t\t\t<div class=\"elementor-element elementor-element-aa469f9 elementor-widget elementor-widget-text-editor\" data-id=\"aa469f9\" data-element_type=\"widget\" data-widget_type=\"text-editor.default\">\n\t\t\t\t<div class=\"elementor-widget-container\">\n\t\t\t\t\t\t\t\t\t<p>Hi, I am Kelly Galesi, and I am happy to see you here.<\/p>\t\t\t\t\t\t\t\t<\/div>\n\t\t\t\t<\/div>\n\t\t\t\t<div class=\"elementor-element elementor-element-48a76ce elementor-widget elementor-widget-text-editor\" data-id=\"48a76ce\" data-element_type=\"widget\" data-widget_type=\"text-editor.default\">\n\t\t\t\t<div class=\"elementor-widget-container\">\n\t\t\t\t\t\t\t\t\t<p>I have been working as a transition strategist with a career spanning over 15 years, leading people and organizations through change processes in various countries.<\/p><p>I&#039;ve had the opportunity to build a solid track record guiding thousands of individuals on transformative journeys, as well as teaching and sharing my knowledge with countless others in large companies, small startups, organizations, and educational institutions.<\/p><p>This experience of many years integrating <strong>the past and the future, the old and the new, the subtle aspects of being human and the concrete aspects of one's actions in the world<\/strong>\u00a0has led me to develop my own methodology for transformation\u00a0<\/p><p>A unique approach to transitions that combines philosophy and the sciences of human development and behavior with innovation and design thinking practices to empower you with the essential skills to make the changes you desire.<\/p>\t\t\t\t\t\t\t\t<\/div>\n\t\t\t\t<\/div>\n\t\t\t\t<\/div>\n\t\t\t\t\t<\/div>\n\t\t\t\t<\/div>\n\t\t<div class=\"elementor-element elementor-element-dae4195 e-flex e-con-boxed e-con e-parent\" data-id=\"dae4195\" data-element_type=\"container\" data-settings=\"{&quot;background_background&quot;:&quot;classic&quot;,&quot;_ha_eqh_enable&quot;:false}\">\n\t\t\t\t\t<div class=\"e-con-inner\">\n\t\t<div class=\"elementor-element elementor-element-ddf1ef0 e-con-full e-flex e-con e-child\" data-id=\"ddf1ef0\" data-element_type=\"container\" data-settings=\"{&quot;_ha_eqh_enable&quot;:false}\">\n\t\t\t\t<div class=\"elementor-element elementor-element-91f3e38 elementor-widget elementor-widget-text-editor\" data-id=\"91f3e38\" data-element_type=\"widget\" data-widget_type=\"text-editor.default\">\n\t\t\t\t<div class=\"elementor-widget-container\">\n\t\t\t\t\t\t\t\t\t<p>Why do I do what I do?<\/p>\t\t\t\t\t\t\t\t<\/div>\n\t\t\t\t<\/div>\n\t\t\t\t<div class=\"elementor-element elementor-element-fdfc846 elementor-widget elementor-widget-text-editor\" data-id=\"fdfc846\" data-element_type=\"widget\" data-widget_type=\"text-editor.default\">\n\t\t\t\t<div class=\"elementor-widget-container\">\n\t\t\t\t\t\t\t\t\t<p>This chapter of my story began with my own transition and the decision to follow what MOVES me:<span style=\"color: #df5c16;\"><strong> The potential for transformation and reinvention in human beings.\u00a0<\/strong><\/span><\/p><p>My journey is to inspire an ever-growing legion of people to connect with their true essence and activate the potential that resides within each individual so that they become agents of transformation in their own lives.<\/p><p>My mission is to be the guide you need on your transition journey. Together we will reclaim your uniqueness and build new paths that fulfill you.\u00a0<\/p>\t\t\t\t\t\t\t\t<\/div>\n\t\t\t\t<\/div>\n\t\t\t\t<\/div>\n\t\t<div class=\"elementor-element elementor-element-50a0793 e-con-full e-flex e-con e-child\" data-id=\"50a0793\" data-element_type=\"container\" data-settings=\"{&quot;_ha_eqh_enable&quot;:false}\">\n\t\t\t\t<div class=\"elementor-element elementor-element-cab883e elementor-widget elementor-widget-image\" data-id=\"cab883e\" data-element_type=\"widget\" data-widget_type=\"image.default\">\n\t\t\t\t<div class=\"elementor-widget-container\">\n\t\t\t\t\t\t\t\t\t\t\t\t\t\t\t<img fetchpriority=\"high\" decoding=\"async\" width=\"946\" height=\"1608\" src=\"https:\/\/kellygalesi.com\/wp-content\/uploads\/2025\/09\/IMG_3548-Edit-Edit-1.png\" class=\"attachment-full size-full wp-image-558\" alt=\"\" srcset=\"https:\/\/kellygalesi.com\/wp-content\/uploads\/2025\/09\/IMG_3548-Edit-Edit-1.png 946w, https:\/\/kellygalesi.com\/wp-content\/uploads\/2025\/09\/IMG_3548-Edit-Edit-1-176x300.png 176w, https:\/\/kellygalesi.com\/wp-content\/uploads\/2025\/09\/IMG_3548-Edit-Edit-1-602x1024.png 602w, https:\/\/kellygalesi.com\/wp-content\/uploads\/2025\/09\/IMG_3548-Edit-Edit-1-768x1305.png 768w, https:\/\/kellygalesi.com\/wp-content\/uploads\/2025\/09\/IMG_3548-Edit-Edit-1-904x1536.png 904w\" sizes=\"(max-width: 946px) 100vw, 946px\" \/>\t\t\t\t\t\t\t\t\t\t\t\t\t\t\t<\/div>\n\t\t\t\t<\/div>\n\t\t\t\t<\/div>\n\t\t\t\t\t<\/div>\n\t\t\t\t<\/div>\n\t\t<div class=\"elementor-element elementor-element-031e3d2 e-flex e-con-boxed e-con e-parent\" data-id=\"031e3d2\" data-element_type=\"container\" data-settings=\"{&quot;background_background&quot;:&quot;classic&quot;,&quot;_ha_eqh_enable&quot;:false}\">\n\t\t\t\t\t<div class=\"e-con-inner\">\n\t\t<div class=\"elementor-element elementor-element-29724c4 e-con-full e-flex e-con e-child\" data-id=\"29724c4\" data-element_type=\"container\" data-settings=\"{&quot;_ha_eqh_enable&quot;:false}\">\n\t\t\t\t<div class=\"elementor-element elementor-element-c19593d elementor-widget elementor-widget-text-editor\" data-id=\"c19593d\" data-element_type=\"widget\" data-widget_type=\"text-editor.default\">\n\t\t\t\t<div class=\"elementor-widget-container\">\n\t\t\t\t\t\t\t\t\t<p>Take control of your life now,<\/p>\t\t\t\t\t\t\t\t<\/div>\n\t\t\t\t<\/div>\n\t\t\t\t<div class=\"elementor-element elementor-element-924ad21 elementor-widget elementor-widget-text-editor\" data-id=\"924ad21\" data-element_type=\"widget\" data-widget_type=\"text-editor.default\">\n\t\t\t\t<div class=\"elementor-widget-container\">\n\t\t\t\t\t\t\t\t\t<p>the choice is in your hands.<\/p>\t\t\t\t\t\t\t\t<\/div>\n\t\t\t\t<\/div>\n\t\t\t\t<div class=\"elementor-element elementor-element-7e5ac1a elementor-widget elementor-widget-image\" data-id=\"7e5ac1a\" data-element_type=\"widget\" data-widget_type=\"image.default\">\n\t\t\t\t<div class=\"elementor-widget-container\">\n\t\t\t\t\t\t\t\t\t\t\t\t\t\t\t<img decoding=\"async\" width=\"972\" height=\"27\" src=\"https:\/\/kellygalesi.com\/wp-content\/uploads\/2025\/08\/Vector-24.png\" class=\"attachment-full size-full wp-image-485\" alt=\"\" srcset=\"https:\/\/kellygalesi.com\/wp-content\/uploads\/2025\/08\/Vector-24.png 972w, https:\/\/kellygalesi.com\/wp-content\/uploads\/2025\/08\/Vector-24-300x8.png 300w, https:\/\/kellygalesi.com\/wp-content\/uploads\/2025\/08\/Vector-24-768x21.png 768w\" sizes=\"(max-width: 972px) 100vw, 972px\" \/>\t\t\t\t\t\t\t\t\t\t\t\t\t\t\t<\/div>\n\t\t\t\t<\/div>\n\t\t\t\t<div class=\"elementor-element elementor-element-8bd8c2c elementor-widget elementor-widget-text-editor\" data-id=\"8bd8c2c\" data-element_type=\"widget\" data-widget_type=\"text-editor.default\">\n\t\t\t\t<div class=\"elementor-widget-container\">\n\t\t\t\t\t\t\t\t\t<p>This is the invitation I extend to you.<\/p>\t\t\t\t\t\t\t\t<\/div>\n\t\t\t\t<\/div>\n\t\t\t\t<div class=\"elementor-element elementor-element-2eaf103 elementor-align-center elementor-widget elementor-widget-button\" data-id=\"2eaf103\" data-element_type=\"widget\" data-widget_type=\"button.default\">\n\t\t\t\t<div class=\"elementor-widget-container\">\n\t\t\t\t\t\t\t\t\t<div class=\"elementor-button-wrapper\">\n\t\t\t\t\t<a class=\"elementor-button elementor-button-link elementor-size-sm\" href=\"https:\/\/www.linkedin.com\/in\/kelly-galesi\/\">\n\t\t\t\t\t\t<span class=\"elementor-button-content-wrapper\">\n\t\t\t\t\t\t\t\t\t<span class=\"elementor-button-text\">See my full bio<\/span>\n\t\t\t\t\t<\/span>\n\t\t\t\t\t<\/a>\n\t\t\t\t<\/div>\n\t\t\t\t\t\t\t\t<\/div>\n\t\t\t\t<\/div>\n\t\t\t\t<div class=\"elementor-element elementor-element-6e53aed elementor-widget elementor-widget-spacer\" data-id=\"6e53aed\" data-element_type=\"widget\" data-widget_type=\"spacer.default\">\n\t\t\t\t<div class=\"elementor-widget-container\">\n\t\t\t\t\t\t\t<div class=\"elementor-spacer\">\n\t\t\t<div class=\"elementor-spacer-inner\"><\/div>\n\t\t<\/div>\n\t\t\t\t\t\t<\/div>\n\t\t\t\t<\/div>\n\t\t\t\t<div class=\"elementor-element elementor-element-07e6546 elementor-widget elementor-widget-text-editor\" data-id=\"07e6546\" data-element_type=\"widget\" data-widget_type=\"text-editor.default\">\n\t\t\t\t<div class=\"elementor-widget-container\">\n\t\t\t\t\t\t\t\t\t<p>\"Life is a continuous cycle of opportunities for evolution. It takes courage to own who we are, live it fully, and write the story we want.\"<\/p>\t\t\t\t\t\t\t\t<\/div>\n\t\t\t\t<\/div>\n\t\t\t\t<div class=\"elementor-element elementor-element-cefc6d2 elementor-widget elementor-widget-spacer\" data-id=\"cefc6d2\" data-element_type=\"widget\" data-widget_type=\"spacer.default\">\n\t\t\t\t<div class=\"elementor-widget-container\">\n\t\t\t\t\t\t\t<div class=\"elementor-spacer\">\n\t\t\t<div class=\"elementor-spacer-inner\"><\/div>\n\t\t<\/div>\n\t\t\t\t\t\t<\/div>\n\t\t\t\t<\/div>\n\t\t\t\t<\/div>\n\t\t\t\t\t<\/div>\n\t\t\t\t<\/div>\n\t\t<div class=\"elementor-element elementor-element-8f3027b e-flex e-con-boxed e-con e-parent\" data-id=\"8f3027b\" data-element_type=\"container\" data-settings=\"{&quot;background_background&quot;:&quot;classic&quot;,&quot;_ha_eqh_enable&quot;:false}\">\n\t\t\t\t\t<div class=\"e-con-inner\">\n\t\t<div class=\"elementor-element elementor-element-50463e7 e-con-full e-flex e-con e-child\" data-id=\"50463e7\" data-element_type=\"container\" data-settings=\"{&quot;_ha_eqh_enable&quot;:false}\">\n\t\t\t\t<div class=\"elementor-element elementor-element-122ecbc elementor-widget elementor-widget-spacer\" data-id=\"122ecbc\" data-element_type=\"widget\" data-widget_type=\"spacer.default\">\n\t\t\t\t<div class=\"elementor-widget-container\">\n\t\t\t\t\t\t\t<div class=\"elementor-spacer\">\n\t\t\t<div class=\"elementor-spacer-inner\"><\/div>\n\t\t<\/div>\n\t\t\t\t\t\t<\/div>\n\t\t\t\t<\/div>\n\t\t\t\t<div class=\"elementor-element elementor-element-47f41d1 elementor-widget elementor-widget-text-editor\" data-id=\"47f41d1\" data-element_type=\"widget\" data-widget_type=\"text-editor.default\">\n\t\t\t\t<div class=\"elementor-widget-container\">\n\t\t\t\t\t\t\t\t\t<p>The Movement<\/p>\t\t\t\t\t\t\t\t<\/div>\n\t\t\t\t<\/div>\n\t\t\t\t<div class=\"elementor-element elementor-element-5c777d6 elementor-widget elementor-widget-text-editor\" data-id=\"5c777d6\" data-element_type=\"widget\" data-widget_type=\"text-editor.default\">\n\t\t\t\t<div class=\"elementor-widget-container\">\n\t\t\t\t\t\t\t\t\t<p>Transition can always be a <span style=\"color: #df5c16;\"><strong>turning point.<\/strong><\/span>Are you ready to turn the page?<\/p><p>Are you ready to leave behind what no longer serves you?<\/p><p>This is the time to embrace change and start over.<\/p><p>Here, your story will not be just a snapshot of your past\u2014it will be the greatest asset for creating conscious and genuine change in your present and future.<\/p><p><strong>Let's work together to transform your essence into new chapters of your story.<\/strong><\/p>\t\t\t\t\t\t\t\t<\/div>\n\t\t\t\t<\/div>\n\t\t\t\t<\/div>\n\t\t<div class=\"elementor-element elementor-element-7ffca89 e-con-full e-flex e-con e-child\" data-id=\"7ffca89\" data-element_type=\"container\" data-settings=\"{&quot;_ha_eqh_enable&quot;:false}\">\n\t\t\t\t<div class=\"elementor-element elementor-element-9640c6a elementor-widget elementor-widget-image\" data-id=\"9640c6a\" data-element_type=\"widget\" data-widget_type=\"image.default\">\n\t\t\t\t<div class=\"elementor-widget-container\">\n\t\t\t\t\t\t\t\t\t\t\t\t\t\t\t<img decoding=\"async\" width=\"466\" height=\"435\" src=\"https:\/\/kellygalesi.com\/wp-content\/uploads\/2025\/11\/Mask-group-29.png\" class=\"attachment-large size-large wp-image-821\" alt=\"\" srcset=\"https:\/\/kellygalesi.com\/wp-content\/uploads\/2025\/11\/Mask-group-29.png 466w, https:\/\/kellygalesi.com\/wp-content\/uploads\/2025\/11\/Mask-group-29-300x280.png 300w\" sizes=\"(max-width: 466px) 100vw, 466px\" \/>\t\t\t\t\t\t\t\t\t\t\t\t\t\t\t<\/div>\n\t\t\t\t<\/div>\n\t\t\t\t<\/div>\n\t\t\t\t\t<\/div>\n\t\t\t\t<\/div>\n\t\t<div class=\"elementor-element elementor-element-80a021e e-flex e-con-boxed e-con e-parent\" data-id=\"80a021e\" data-element_type=\"container\" data-settings=\"{&quot;background_background&quot;:&quot;classic&quot;,&quot;_ha_eqh_enable&quot;:false}\">\n\t\t\t\t\t<div class=\"e-con-inner\">\n\t\t<div class=\"elementor-element elementor-element-92f7f98 e-con-full e-flex e-con e-child\" data-id=\"92f7f98\" data-element_type=\"container\" data-settings=\"{&quot;_ha_eqh_enable&quot;:false}\">\n\t\t\t\t<div class=\"elementor-element elementor-element-d4b3c8e elementor-widget elementor-widget-image\" data-id=\"d4b3c8e\" data-element_type=\"widget\" data-widget_type=\"image.default\">\n\t\t\t\t<div class=\"elementor-widget-container\">\n\t\t\t\t\t\t\t\t\t\t\t\t\t\t\t<img loading=\"lazy\" decoding=\"async\" width=\"410\" height=\"76\" src=\"https:\/\/kellygalesi.com\/wp-content\/uploads\/2025\/11\/This-is-my-story.png\" class=\"attachment-full size-full wp-image-282\" alt=\"\" srcset=\"https:\/\/kellygalesi.com\/wp-content\/uploads\/2025\/11\/This-is-my-story.png 341w, https:\/\/kellygalesi.com\/wp-content\/uploads\/2025\/11\/This-is-my-story-300x68.png 300w, https:\/\/kellygalesi.com\/wp-content\/uploads\/2025\/11\/This-is-my-story-18x4.png 18w\" sizes=\"(max-width: 410px) 100vw, 410px\" \/>\t\t\t\t\t\t\t\t\t\t\t\t\t\t\t<\/div>\n\t\t\t\t<\/div>\n\t\t\t\t<div class=\"elementor-element elementor-element-d6e6a5b elementor-widget elementor-widget-text-editor\" data-id=\"d6e6a5b\" data-element_type=\"widget\" data-widget_type=\"text-editor.default\">\n\t\t\t\t<div class=\"elementor-widget-container\">\n\t\t\t\t\t\t\t\t\t<p>I hope I can inspire you to<br \/>build your legacy too.<\/p>\t\t\t\t\t\t\t\t<\/div>\n\t\t\t\t<\/div>\n\t\t\t\t<div class=\"elementor-element elementor-element-a8cdace elementor-align-center elementor-widget elementor-widget-button\" data-id=\"a8cdace\" data-element_type=\"widget\" data-widget_type=\"button.default\">\n\t\t\t\t<div class=\"elementor-widget-container\">\n\t\t\t\t\t\t\t\t\t<div class=\"elementor-button-wrapper\">\n\t\t\t\t\t<a class=\"elementor-button elementor-button-link elementor-size-sm\" href=\"https:\/\/api.whatsapp.com\/send\/?phone=018312910411&amp;text=Hello,Iwouldliketostartmytransition\">\n\t\t\t\t\t\t<span class=\"elementor-button-content-wrapper\">\n\t\t\t\t\t\t\t\t\t<span class=\"elementor-button-text\">Shall we talk?<\/span>\n\t\t\t\t\t<\/span>\n\t\t\t\t\t<\/a>\n\t\t\t\t<\/div>\n\t\t\t\t\t\t\t\t<\/div>\n\t\t\t\t<\/div>\n\t\t\t\t<div class=\"elementor-element elementor-element-b9d0e25 elementor-widget elementor-widget-spacer\" data-id=\"b9d0e25\" data-element_type=\"widget\" data-widget_type=\"spacer.default\">\n\t\t\t\t<div class=\"elementor-widget-container\">\n\t\t\t\t\t\t\t<div class=\"elementor-spacer\">\n\t\t\t<div class=\"elementor-spacer-inner\"><\/div>\n\t\t<\/div>\n\t\t\t\t\t\t<\/div>\n\t\t\t\t<\/div>\n\t\t\t\t<\/div>\n\t\t\t\t\t<\/div>\n\t\t\t\t<\/div>\n\t\t\t\t<\/div>","protected":false},"excerpt":{"rendered":"<p>Quem te acompanhar\u00e1nessa jornada? Ol\u00e1, eu sou Kelly Galesi e estou feliz em te ver aqui! Atuo como estrategista de transi\u00e7\u00e3o em uma trajet\u00f3ria de mais de 15 anos liderando pessoas e organiza\u00e7\u00f5es por processos de mudan\u00e7a em diversos pa\u00edses. Tive a oportunidade de construir uma s\u00f3lida experi\u00eancia conduzindo milhares de indiv\u00edduos em jornadas de [&hellip;]<\/p>","protected":false},"author":1,"featured_media":0,"parent":0,"menu_order":0,"comment_status":"closed","ping_status":"closed","template":"elementor_header_footer","meta":{"footnotes":""},"class_list":["post-262","page","type-page","status-publish","hentry"],"_links":{"self":[{"href":"https:\/\/kellygalesi.com\/en\/wp-json\/wp\/v2\/pages\/262","targetHints":{"allow":["GET"]}}],"collection":[{"href":"https:\/\/kellygalesi.com\/en\/wp-json\/wp\/v2\/pages"}],"about":[{"href":"https:\/\/kellygalesi.com\/en\/wp-json\/wp\/v2\/types\/page"}],"author":[{"embeddable":true,"href":"https:\/\/kellygalesi.com\/en\/wp-json\/wp\/v2\/users\/1"}],"replies":[{"embeddable":true,"href":"https:\/\/kellygalesi.com\/en\/wp-json\/wp\/v2\/comments?post=262"}],"version-history":[{"count":187,"href":"https:\/\/kellygalesi.com\/en\/wp-json\/wp\/v2\/pages\/262\/revisions"}],"predecessor-version":[{"id":1168,"href":"https:\/\/kellygalesi.com\/en\/wp-json\/wp\/v2\/pages\/262\/revisions\/1168"}],"wp:attachment":[{"href":"https:\/\/kellygalesi.com\/en\/wp-json\/wp\/v2\/media?parent=262"}],"curies":[{"name":"wp","href":"https:\/\/api.w.org\/{rel}","templated":true}]}}